{"id":1481,"date":"2013-05-23T12:44:24","date_gmt":"2013-05-23T12:44:24","guid":{"rendered":"https:\/\/www.viaintermedia.com\/madrid\/marketing-online\/"},"modified":"2019-06-18T09:35:57","modified_gmt":"2019-06-18T09:35:57","slug":"marketing-online","status":"publish","type":"page","link":"https:\/\/www.viaintermedia.com\/fr\/madrid\/marketing-online\/","title":{"rendered":"Marketing en ligne"},"content":{"rendered":"<h1>Votre entreprise doit \u00eatre connue: nous positionnons votre site Web dans les moteurs de recherche<\/h1>\n<p>Si vous avez d\u00e9j\u00e0 un site Web, il est essentiel que les moteurs de recherche le trouvent car votre succ\u00e8s d\u00e9pend de votre visibilit\u00e9.<\/p>\n<p>Nous nous occupons<strong>d&rsquo;optimiser votre page pour une indexation correcte par les moteurs de recherche<\/strong>,, en examinant tous les aspects : la programmation et la structure du contenu, ainsi que la navigabilit\u00e9 et la convivialit\u00e9. Nous chercherons des moyens d&rsquo;am\u00e9liorer l&rsquo;exp\u00e9rience utilisateur et d&rsquo;obtenir plus de conversions. Nous examinerons pour cela l&rsquo;ergonomie de votre site, sa conception, ses temps de chargement, etc. Au moyen <strong> d\u2019une analyse des mots cl\u00e9sd\u2019une analyse des mots cl\u00e9s<\/strong>, nous vous expliquerons comment optimiser le contenu et la s\u00e9mantique de votre site Web en fonction de l\u2019offre de votre entreprise et en tenant compte de la concurrence dans votre secteur professionnel. Notre objectif : am\u00e9liorer le <a title=\"Positionnement Web Madrid\" href=\"http:\/\/www.viaintermedia.com\/posicionamiento-web-madrid\/\">Positionnement de votre page <\/a>, en respectant les derni\u00e8res r\u00e8gles et recommandations de Google. D\u00e9l\u00e9guez-nous la gestion de <strong>Campagnes SEM (Adwords)<\/strong>pour une visibilit\u00e9 imm\u00e9diate ou la gestion de vos espaces publicitaires avec Google Adsense.<\/p>\n<h1>Former une communaut\u00e9 active dans les r\u00e9seaux sociaux<\/h1>\n<p>D\u00e9veloppez-vous et recherchez de nouvelles opportunit\u00e9s commerciales ou simplement fid\u00e9liser vos clients. Il est essentiel de cr\u00e9er une<strong> communaut\u00e9 sociale autour de votre marque<\/strong>. Gr\u00e2ce aux r\u00e9seaux sociaux, vous pouvez directement interagir avec vos clients, ce qui vous permet d\u2019\u00e9tablir une relation plus \u00e9troite. Pour ce faire, nous mettons en place votre marque sur Facebook, Twitter, Linkedin, cr\u00e9ons vos pages professionnelles et vous conseillons sur les strat\u00e9gies et actions \u00e0 suivre.<\/p>\n[tabbed_section]\n[tab title=\u00a0\u00bbPositionnement Web SEO\u00a0\u00bb id=\u00a0\u00bbt1&Prime;] Optimisation web, Indexation sur Google[\/tab]\n[tab title=\u00a0\u00bbCampagne SEM\u00a0\u00bb id=\u00a0\u00bbt2&Prime;] Gestion de vos campagnes Adwords[\/tab]\n[tab title=\u00a0\u00bbEmailings\u00a0\u00bb id=\u00a0\u00bbt3&Prime;] Design de newsletters (e-mailings)[\/tab]\n[tab title=\u00a0\u00bbR\u00e9seaux Sociaux\u00a0\u00bb id=\u00a0\u00bbt4&Prime;] Conseils et gestion de la pr\u00e9sence de votre entreprise sur les principaux r\u00e9seaux sociaux[\/tab]\n[\/tabbed_section]\n","protected":false},"excerpt":{"rendered":"<p>Votre entreprise doit \u00eatre connue: nous positionnons votre site Web dans les moteurs de recherche&#8230;<\/p>\n","protected":false},"author":1,"featured_media":0,"parent":1459,"menu_order":1,"comment_status":"open","ping_status":"closed","template":"","meta":{"_joinchat":[],"footnotes":""},"class_list":["post-1481","page","type-page","status-publish"],"aioseo_notices":[],"_links":{"self":[{"href":"https:\/\/www.viaintermedia.com\/fr\/wp-json\/wp\/v2\/pages\/1481","targetHints":{"allow":["GET"]}}],"collection":[{"href":"https:\/\/www.viaintermedia.com\/fr\/wp-json\/wp\/v2\/pages"}],"about":[{"href":"https:\/\/www.viaintermedia.com\/fr\/wp-json\/wp\/v2\/types\/page"}],"author":[{"embeddable":true,"href":"https:\/\/www.viaintermedia.com\/fr\/wp-json\/wp\/v2\/users\/1"}],"replies":[{"embeddable":true,"href":"https:\/\/www.viaintermedia.com\/fr\/wp-json\/wp\/v2\/comments?post=1481"}],"version-history":[{"count":1,"href":"https:\/\/www.viaintermedia.com\/fr\/wp-json\/wp\/v2\/pages\/1481\/revisions"}],"predecessor-version":[{"id":1484,"href":"https:\/\/www.viaintermedia.com\/fr\/wp-json\/wp\/v2\/pages\/1481\/revisions\/1484"}],"up":[{"embeddable":true,"href":"https:\/\/www.viaintermedia.com\/fr\/wp-json\/wp\/v2\/pages\/1459"}],"wp:attachment":[{"href":"https:\/\/www.viaintermedia.com\/fr\/wp-json\/wp\/v2\/media?parent=1481"}],"curies":[{"name":"wp","href":"https:\/\/api.w.org\/{rel}","templated":true}]}}